{"id":65550,"date":"2017-08-30T11:33:14","date_gmt":"2017-08-30T09:33:14","guid":{"rendered":"https:\/\/undsgn.com\/uncode\/?page_id=65550"},"modified":"2026-02-25T22:58:38","modified_gmt":"2026-02-25T22:58:38","slug":"organisation","status":"publish","type":"page","link":"https:\/\/pintoalbuquerque.com\/pt\/organisation\/","title":{"rendered":"Organiza\u00e7\u00e3o"},"content":{"rendered":"<div class=\"wpb-content-wrapper\"><div data-sticky class=\"data-sticky\"><div data-parent=\"true\" class=\"vc_row scroll-trigger-el scroll-trigger-el-mobile scroll-trigger-el-tablet scroll-trigger-parent has-bg need-focus style-back_color-121244-bg parallax-move row-container\"data-sticky-trigger=\"scroll-trigger\" data-anim-state=\"end\" data-anim-sticky=\"\" data-anim-els=\"\" data-anim-x=\"0\" data-anim-y=\"0\" data-anim-blur=\"0\" data-anim-perspective=\"0\" data-anim-rotate=\"0\" data-anim-origin=\"center\" data-anim-target=\"el\" data-anim-scale=\"100\" data-anim-scale-step=\"\" data-anim-opacity=\"0\" data-anim-radius=\"\" data-anim-radius-unit=\"\" data-anim-start=\"\" data-anim-top=\"0\" data-anim-bottom=\"85\" data-anim-safe=\"\" data-anim-ease=\"none\" data-parallax-move=\"3\" id=\"row-unique-0\"><div class=\"row-background background-element\">\n\t\t\t\t\t\t\t\t\t\t\t<div class=\"background-wrapper\">\n\t\t\t\t\t\t\t\t\t\t\t\t<div class=\"background-inner\" style=\"background-image: url(https:\/\/pintoalbuquerque.com\/wp-content\/uploads\/2026\/02\/pintoalbuquerque.png);background-repeat: no-repeat;background-position: center center;background-attachment: scroll;background-size: cover;\"><\/div>\n\t\t\t\t\t\t\t\t\t\t\t\t<div class=\"block-bg-overlay block-bg-blend-mode for-ie style-overlay_color-121244-bg\" style=\"opacity: 0.6;\"><\/div><div class=\"block-bg-overlay block-bg-blend-mode not-ie style-overlay_color-121244-bg\" style=\"mix-blend-mode:multiply;\"><\/div>\n\t\t\t\t\t\t\t\t\t\t\t<\/div>\n\t\t\t\t\t\t\t\t\t\t<\/div><div class=\"row exa-top-padding quad-bottom-padding exa-h-padding full-width row-parent\"><div class=\"wpb_row row-inner\"><div class=\"wpb_column pos-middle pos-center align_left column_parent col-lg-12 double-internal-gutter\"><div class=\"uncol style-spec style-dark\"  ><div class=\"uncoltable\"><div class=\"uncell no-block-padding\" ><div class=\"uncont\" ><div class=\"vc_custom_heading_wrap\"><div class=\"heading-text el-text\" ><h3 class=\"font-161747 fontsize-338686 fontspace-111509 font-weight-300\" ><span>Organiza\u00e7\u00e3o<\/span><\/h3><\/div><div class=\"clear\"><\/div><\/div><\/div><\/div><\/div><\/div><\/div><script id=\"script-row-unique-0\" data-row=\"script-row-unique-0\" type=\"text\/javascript\" class=\"vc_controls\">UNCODE.initRow(document.getElementById(\"row-unique-0\"));<\/script><\/div><\/div><\/div><\/div><div data-parent=\"true\" class=\"vc_row has-bg need-focus style-color-xsdn-bg row-next-to-blend row-container\" id=\"row-unique-1\"><div class=\"row col-double-gutter single-top-padding quad-bottom-padding single-h-padding limit-width row-parent\"><div class=\"wpb_row row-inner\"><div class=\"wpb_column pos-top pos-center align_left column_parent col-lg-4 col-md-25 half-internal-gutter\"><div class=\"uncol style-light animate_when_almost_visible alpha-anim\"  data-speed=\"1000\"><div class=\"uncoltable\"><div class=\"uncell no-block-padding\" ><div class=\"uncont\" ><div class=\"uncode-single-media  text-left\"><div class=\"single-wrapper\" style=\"max-width: 100%;\"><div class=\"tmb tmb-light  tmb-img-ratio tmb-media-first tmb-media-last tmb-content-overlay tmb-no-bg\"><div class=\"t-inside\"><div class=\"t-entry-visual\"><div class=\"t-entry-visual-tc\"><div class=\"uncode-single-media-wrapper\"><div class=\"dummy\" style=\"padding-top: 177.8%;\"><\/div><img decoding=\"async\" class=\"wp-image-166960\" src=\"https:\/\/pintoalbuquerque.com\/wp-content\/uploads\/2026\/02\/photo-5-uai-1080x1920.jpg\" width=\"1080\" height=\"1920\" alt=\"\" srcset=\"https:\/\/pintoalbuquerque.com\/wp-content\/uploads\/2026\/02\/photo-5-uai-1080x1920.jpg 1080w, https:\/\/pintoalbuquerque.com\/wp-content\/uploads\/2026\/02\/photo-5-uai-720x1279.jpg 720w\" sizes=\"(max-width: 1080px) 100vw, 1080px\" \/><\/div>\n\t\t\t\t\t<\/div>\n\t\t\t\t<\/div><\/div><\/div><\/div><\/div><\/div><\/div><\/div><\/div><\/div><div class=\"wpb_column pos-middle pos-center align_left column_parent col-lg-8 col-md-75 single-internal-gutter\"><div class=\"uncol style-light animate_when_almost_visible alpha-anim\"  data-speed=\"1000\"><div class=\"uncoltable\"><div class=\"uncell no-block-padding\" ><div class=\"uncont\" ><div class=\"uncode-accordion wpb_accordion wpb_content_element  plus-signed sign-size-rg default-typography no-content-border\" data-collapsible=\"no\" data-target=\"\" data-active-tab=\"0\" >\n\t\t<div class=\"panel-group wpb_wrapper wpb_accordion_wrapper\" id=\"accordion_899917974\" data-no-toggle=\"\">\n\n<div class=\"panel panel-default wpb_accordion_section group  no-block-padding no-h-padding\"><div class=\"panel-heading wpb_accordion_header ui-accordion-header\"><p class=\"panel-title h4 font-weight-600 text-   icon-size-rg\"><a data-toggle=\"collapse\" data-parent=\"#accordion_899917974\" href=\"#1665420124-2-0167267070583917157580534078268-862f\"><span>Conference on the 40th anniversary of the entry into force of the European Convention on Human Rights<\/span><\/a><\/p><\/div><div id=\"1665420124-2-0167267070583917157580534078268-862f\" class=\"panel-collapse collapse\"><div class=\"panel-body wpb_accordion_content ui-accordion-content single-internal-gutter single-block-padding\">\n\t\t\t\t\t\t<div class=\"uncode_text_column\" ><p>In September 2016, Professor Albuquerque organised with the then Vice-president of the Constitutional Court Professor Jo\u00e3o Caupers a conference on the 40th anniversary of the entry into force of the European Convention on Human Rights in Portugal, at the Law Faculty of the Lisbon Nova University.<\/p>\n<\/div><\/div><\/div><\/div><div class=\"panel panel-default wpb_accordion_section group  no-block-padding no-h-padding\"><div class=\"panel-heading wpb_accordion_header ui-accordion-header\"><p class=\"panel-title h4 font-weight-600 text-   icon-size-rg\"><a data-toggle=\"collapse\" data-parent=\"#accordion_899917974\" href=\"#efe01523-2776-6167267070583917157580534078268-862f\"><span>Conference on the European Convention on Human Rights<\/span><\/a><\/p><\/div><div id=\"efe01523-2776-6167267070583917157580534078268-862f\" class=\"panel-collapse collapse\"><div class=\"panel-body wpb_accordion_content ui-accordion-content single-internal-gutter single-block-padding\">\n\t\t\t\t\t\t<div class=\"vc_row row-internal row-container\"><div class=\"row row-child\"><div class=\"wpb_row row-inner\"><div class=\"wpb_column pos-top pos-center align_left column_child col-lg-12 single-internal-gutter\"><div class=\"uncol style-light\" ><div class=\"uncoltable\"><div class=\"uncell no-block-padding\" ><div class=\"uncont\" ><div class=\"uncode_text_column\" ><p>In June 2019 Professor Albuquerque organised a three-day conference in Lisbon and Porto on the European convention on Human Rights, with 142 speakers (professors from 15 different universities, judges from the Constitutional Court, the Supreme Court, the Administrative Supreme Court and Court of Audit and prosecutors from the General Prosecutor\u2019s Office). The then President of the European Court of Human Rights Judge Alexandre Sicilianos opened the conference and the President of the Republic closed it. The speeches of the participants were published in three volumes, including a preface of the President of the Republic: Coment\u00e1rio da Conven\u00e7\u00e3o Europeia dos Direitos Humanos e dos seus Protocolos Adicionais (Commentary of the European Convention<br \/>\non Human Rights and its Additional Protocols), cited below.<\/p>\n<\/div><\/div><\/div><\/div><\/div><\/div><\/div><\/div><\/div><\/div><\/div><\/div><div class=\"panel panel-default wpb_accordion_section group  no-block-padding no-h-padding\"><div class=\"panel-heading wpb_accordion_header ui-accordion-header\"><p class=\"panel-title h4 font-weight-600 text-   icon-size-rg\"><a data-toggle=\"collapse\" data-parent=\"#accordion_899917974\" href=\"#10314d48-70e0-0167267070583917157580534078268-862f\"><span>Conference in memory of Justice Maia Gon\u00e7alves<\/span><\/a><\/p><\/div><div id=\"10314d48-70e0-0167267070583917157580534078268-862f\" class=\"panel-collapse collapse\"><div class=\"panel-body wpb_accordion_content ui-accordion-content single-internal-gutter single-block-padding\">\n\t\t\t\t\t\t<div class=\"uncode_text_column\" ><p>In September 2010, Professor Albuquerque organised with the then Vice-president of the Supreme Court Dr. Henriques Gaspar a conference in memory of Justice Maia Gon\u00e7alves, at the Supreme Court, Lisbon.<\/p>\n<\/div><\/div><\/div><\/div><div class=\"panel panel-default wpb_accordion_section group  no-block-padding no-h-padding\"><div class=\"panel-heading wpb_accordion_header ui-accordion-header\"><p class=\"panel-title h4 font-weight-600 text-   icon-size-rg\"><a data-toggle=\"collapse\" data-parent=\"#accordion_899917974\" href=\"#1665420124-1-86167267070583917157580534078268-862f\"><span>International conference on the International Criminal Court<\/span><\/a><\/p><\/div><div id=\"1665420124-1-86167267070583917157580534078268-862f\" class=\"panel-collapse collapse\"><div class=\"panel-body wpb_accordion_content ui-accordion-content single-internal-gutter single-block-padding\">\n\t\t\t\t\t\t<div class=\"uncode_text_column\" ><p>In March 2006, Professor Albuquerque organised with the then Deputy Prosecutor-General the first international conference on the International Criminal Court in Portugal, with 16 experts. The conference was opened by the Minister of Justice Dr. Alberto Costa and closed by the Judge of the ICC Dra. Sylvia Steiner and the Prosecutor of the ICC Dr. Luis Moreno-Ocampo. The speeches of the participants were published in one volume:<br \/>\nO Tribunal Penal Internacional e a Transforma\u00e7\u00e3o do Direito Internacional (The International Criminal Court and the Transformation of International Law), Lisboa, UCE, 2006.<\/p>\n<\/div><\/div><\/div><\/div>\n\t\t<\/div><\/div><\/div><\/div><\/div><\/div><\/div><script id=\"script-row-unique-1\" data-row=\"script-row-unique-1\" type=\"text\/javascript\" class=\"vc_controls\">UNCODE.initRow(document.getElementById(\"row-unique-1\"));<\/script><\/div><\/div><\/div>\n<\/div>","protected":false},"excerpt":{"rendered":"Organisation Conference on the 40th anniversary of the entry into force of the European Convention on Human Rights In September [...]","protected":false},"author":1,"featured_media":0,"parent":0,"menu_order":0,"comment_status":"closed","ping_status":"closed","template":"","meta":{"footnotes":""},"class_list":["post-65550","page","type-page","status-publish","hentry"],"_links":{"self":[{"href":"https:\/\/pintoalbuquerque.com\/pt\/wp-json\/wp\/v2\/pages\/65550","targetHints":{"allow":["GET"]}}],"collection":[{"href":"https:\/\/pintoalbuquerque.com\/pt\/wp-json\/wp\/v2\/pages"}],"about":[{"href":"https:\/\/pintoalbuquerque.com\/pt\/wp-json\/wp\/v2\/types\/page"}],"author":[{"embeddable":true,"href":"https:\/\/pintoalbuquerque.com\/pt\/wp-json\/wp\/v2\/users\/1"}],"replies":[{"embeddable":true,"href":"https:\/\/pintoalbuquerque.com\/pt\/wp-json\/wp\/v2\/comments?post=65550"}],"version-history":[{"count":9,"href":"https:\/\/pintoalbuquerque.com\/pt\/wp-json\/wp\/v2\/pages\/65550\/revisions"}],"predecessor-version":[{"id":166956,"href":"https:\/\/pintoalbuquerque.com\/pt\/wp-json\/wp\/v2\/pages\/65550\/revisions\/166956"}],"wp:attachment":[{"href":"https:\/\/pintoalbuquerque.com\/pt\/wp-json\/wp\/v2\/media?parent=65550"}],"curies":[{"name":"wp","href":"https:\/\/api.w.org\/{rel}","templated":true}]}}