{"id":166714,"date":"2026-01-17T15:58:38","date_gmt":"2026-01-17T15:58:38","guid":{"rendered":"https:\/\/pintoalbuquerque.com\/?page_id=166714"},"modified":"2026-03-04T12:33:27","modified_gmt":"2026-03-04T12:33:27","slug":"legal-opinions","status":"publish","type":"page","link":"https:\/\/pintoalbuquerque.com\/pt\/legal-opinions\/","title":{"rendered":"Parecer\u00edstica"},"content":{"rendered":"<div class=\"wpb-content-wrapper\"><div data-sticky class=\"data-sticky\"><div data-parent=\"true\" class=\"vc_row scroll-trigger-el scroll-trigger-el-mobile scroll-trigger-el-tablet scroll-trigger-parent has-bg need-focus style-back_color-309354-bg parallax-move row-container\"data-sticky-trigger=\"scroll-trigger\" data-anim-state=\"end\" data-anim-sticky=\"\" data-anim-els=\"\" data-anim-x=\"0\" data-anim-y=\"0\" data-anim-blur=\"0\" data-anim-perspective=\"0\" data-anim-rotate=\"0\" data-anim-origin=\"center\" data-anim-target=\"el\" data-anim-scale=\"100\" data-anim-scale-step=\"\" data-anim-opacity=\"0\" data-anim-radius=\"\" data-anim-radius-unit=\"\" data-anim-start=\"\" data-anim-top=\"0\" data-anim-bottom=\"85\" data-anim-safe=\"\" data-anim-ease=\"none\" data-parallax-move=\"3\" id=\"row-unique-0\"><div class=\"row-background background-element\">\n\t\t\t\t\t\t\t\t\t\t\t<div class=\"background-wrapper\">\n\t\t\t\t\t\t\t\t\t\t\t\t<div class=\"background-inner\" style=\"background-image: url(https:\/\/pintoalbuquerque.com\/wp-content\/uploads\/2026\/01\/TEDH.jpg);background-repeat: no-repeat;background-position: center center;background-attachment: scroll;background-size: cover;\"><\/div>\n\t\t\t\t\t\t\t\t\t\t\t\t<div class=\"block-bg-overlay block-bg-blend-mode for-ie style-overlay_color-309354-bg\" style=\"opacity: 0.5;\"><\/div><div class=\"block-bg-overlay block-bg-blend-mode not-ie style-overlay_color-309354-bg\" style=\"mix-blend-mode:multiply;\"><\/div>\n\t\t\t\t\t\t\t\t\t\t\t<\/div>\n\t\t\t\t\t\t\t\t\t\t<\/div><div class=\"row exa-top-padding exa-bottom-padding exa-h-padding full-width row-parent\"><div class=\"wpb_row row-inner\"><div class=\"wpb_column pos-bottom pos-center align_left column_parent col-lg-12 double-internal-gutter\"><div class=\"uncol style-spec style-dark\"  ><div class=\"uncoltable\"><div class=\"uncell no-block-padding\" ><div class=\"uncont\" ><div class=\"vc_row row-internal row-container\"><div class=\"row row-next-to-blend row-child\"><div class=\"wpb_row row-inner\"><div class=\"wpb_column pos-top pos-left align_left column_child col-lg-9 single-internal-gutter\"><div class=\"uncol style-spec style-dark\" ><div class=\"uncoltable\"><div class=\"uncell no-block-padding\" ><div class=\"uncont\" ><div class=\"vc_custom_heading_wrap\"><div class=\"heading-text el-text\" ><h3 class=\"font-161747 custom fontspace-111509 font-weight-300 fontsize-116730-custom font-size-custom\" ><span>Consultation<\/span><\/h3><\/div><div class=\"clear\"><\/div><\/div><\/div><\/div><\/div><\/div><\/div><div class=\"wpb_column pos-top pos-center align_left column_child col-lg-3 tablet-hidden mobile-hidden single-internal-gutter\"><div class=\"uncol style-light\" ><div class=\"uncoltable\"><div class=\"uncell no-block-padding\" ><div class=\"uncont\" ><\/div><\/div><\/div><\/div><\/div><\/div><\/div><\/div><\/div><\/div><\/div><\/div><\/div><script id=\"script-row-unique-0\" data-row=\"script-row-unique-0\" type=\"text\/javascript\" class=\"vc_controls\">UNCODE.initRow(document.getElementById(\"row-unique-0\"));<\/script><\/div><\/div><\/div><\/div><div data-parent=\"true\" class=\"vc_row row-next-to-blend row-container\" id=\"row-unique-1\"><div class=\"row limit-width row-parent\"><div class=\"wpb_row row-inner\"><div class=\"wpb_column pos-top pos-center align_left column_parent col-lg-12 single-internal-gutter\"><div class=\"uncol style-light\"  ><div class=\"uncoltable\"><div class=\"uncell no-block-padding\" ><div class=\"uncont\" ><div class=\"empty-space empty-single\" ><span class=\"empty-space-inner\"><\/span><\/div>\n<\/div><\/div><\/div><\/div><\/div><script id=\"script-row-unique-1\" data-row=\"script-row-unique-1\" type=\"text\/javascript\" class=\"vc_controls\">UNCODE.initRow(document.getElementById(\"row-unique-1\"));<\/script><\/div><\/div><\/div><div data-parent=\"true\" class=\"vc_row row-container\" id=\"row-unique-2\"><div class=\"row unequal col-no-gutter no-top-padding no-bottom-padding no-h-padding full-width row-parent\"><div class=\"wpb_row row-inner\"><div class=\"wpb_column pos-top pos-center align_left column_parent col-lg-6 single-internal-gutter\"><div class=\"uncol style-light\"  ><div class=\"uncoltable\" style=\"min-height: 340px;\"><div class=\"uncell single-block-padding\" ><div class=\"column-background background-element\">\n\t\t\t\t\t\t\t\t\t\t\t<div class=\"background-wrapper\">\n\t\t\t\t\t\t\t\t\t\t\t\t<div class=\"background-inner\" style=\"background-image: url(https:\/\/pintoalbuquerque.com\/wp-content\/uploads\/2026\/01\/Sign_in_front_of_the_CJEU_complex_March_2023.png);background-repeat: no-repeat;background-position: center center;background-size: cover;\" data-o_src=\"https:\/\/pintoalbuquerque.com\/wp-content\/uploads\/2026\/01\/Sign_in_front_of_the_CJEU_complex_March_2023.png\"><\/div>\n\t\t\t\t\t\t\t\t\t\t\t\t\n\t\t\t\t\t\t\t\t\t\t\t<\/div>\n\t\t\t\t\t\t\t\t\t\t<\/div><div class=\"uncont\" ><\/div><\/div><\/div><\/div><\/div><div class=\"wpb_column pos-top pos-center align_left column_parent col-lg-6 single-internal-gutter\"><div class=\"uncol style-light\"  ><div class=\"uncoltable\"><div class=\"uncell quad-block-padding\" ><div class=\"uncont\" style=\" max-width:528px;\" ><div class=\"vc_custom_heading_wrap\"><div class=\"heading-text el-text\" ><h2 class=\"h4\" ><span>Jurisconsult advising in cases in the following jurisdictions: ESTONIA, ITALY, NORWAY, PORTUGAL, SPAIN and UKRAIN<\/span><\/h2><\/div><div class=\"clear\"><\/div><\/div><div class=\"uncode_text_column text-small\" ><p>Professor Albuquerque provides independent expert opinions since 2004, mainly in the preparation of appeals to apex courts, including the European Court of Human Rights and the Court of Justice of the Europe Union, referring to subjects such as<\/p>\n<\/div><div class=\"empty-space empty-half\" ><span class=\"empty-space-inner\"><\/span><\/div>\n<div class=\"vc_row row-internal row-container\"><div class=\"row row-child\"><div class=\"wpb_row row-inner\"><div class=\"wpb_column pos-top pos-center align_left column_child col-lg-12 col-md-50 single-internal-gutter\"><div class=\"uncol style-light\" ><div class=\"uncoltable\"><div class=\"uncell no-block-padding\" ><div class=\"uncont\" ><div class=\"uncode-wrapper uncode-list\" >\n<ul class=\"icons text-small\">\n<li><i class=\"fa fa-minus text-color-jevc-color\"><\/i>Delitos cometidos no exerc\u00edcio de fun\u00e7\u00f5es p\u00fablicas, corrup\u00e7\u00e3o, tr\u00e1fico de influ\u00eancias, peculato, m\u00e1 gest\u00e3o de recursos p\u00fablicos, abuso de poder;<\/li>\n<li><i class=\"fa fa-minus text-color-jevc-color\"><\/i>Associa\u00e7\u00f5es de tipo mafioso, fal\u00eancia dolosa, fraude, falsifica\u00e7\u00e3o, fraude fiscal e outras infra\u00e7\u00f5es fiscais, cibercriminalidade, branqueamento de capitais;<\/li>\n<li><i class=\"fa fa-minus text-color-jevc-color\"><\/i>Tr\u00e1fico de drogas;<\/li>\n<li><i class=\"fa fa-minus text-color-jevc-color\"><\/i>Crimes contra a pessoa, homic\u00eddio por neglig\u00eancia, abuso sexual de menores;<\/li>\n<li><i class=\"fa fa-minus text-color-jevc-color\"><\/i>Processo penal, composi\u00e7\u00e3o do tribunal, presun\u00e7\u00e3o de inoc\u00eancia, mandado de deten\u00e7\u00e3o internacional e europeu, requisitos, dura\u00e7\u00e3o e condi\u00e7\u00f5es da pris\u00e3o preventiva, congelamento de bens, medidas de investiga\u00e7\u00e3o secretas, agente infiltrado, escutas telef\u00f3nicas e outras interce\u00e7\u00f5es de comunica\u00e7\u00f5es, altera\u00e7\u00e3o dos factos e das acusa\u00e7\u00f5es, conduta de testemunhas, peritos e outros<br \/>\nintervenientes processuais, tradu\u00e7\u00e3o de documentos e interpreta\u00e7\u00e3o de depoimentos orais, possibilidade de recurso e \u00e2mbito dos recursos para os tribunais superiores;<\/li>\n<li><i class=\"fa fa-minus text-color-jevc-color\"><\/i>Preven\u00e7\u00e3o da criminalidade, confisco de bens;<\/li>\n<li><i class=\"fa fa-minus text-color-jevc-color\"><\/i>Direito da concorr\u00eancia e outras infra\u00e7\u00f5es ao direito administrativo, buscas e apreens\u00f5es de madrugada, autoincrimina\u00e7\u00e3o;<\/li>\n<li><i class=\"fa fa-minus text-color-jevc-color\"><\/i>Direito imobili\u00e1rio, expropria\u00e7\u00e3o, nacionaliza\u00e7\u00e3o;<\/li>\n<li><i class=\"fa fa-minus text-color-jevc-color\"><\/i>Direito sucess\u00f3rio, discrimina\u00e7\u00e3o de um herdeiro leg\u00edtimo, decis\u00e3o judicial inesperada;<\/li>\n<li><i class=\"fa fa-minus text-color-jevc-color\"><\/i>Legisla\u00e7\u00e3o antidiscrimina\u00e7\u00e3o, discrimina\u00e7\u00e3o de uma minoria religiosa, priva\u00e7\u00e3o de subs\u00eddios p\u00fablicos e de outros direitos;<\/li>\n<li><i class=\"fa fa-minus text-color-jevc-color\"><\/i>Acusa\u00e7\u00f5es disciplinares contra ju\u00edzes;<\/li>\n<li><i class=\"fa fa-minus text-color-jevc-color\"><\/i>Organiza\u00e7\u00e3o interna do Minist\u00e9rio P\u00fablico e autonomia dos procuradores;<\/li>\n<li><i class=\"fa fa-minus text-color-jevc-color\"><\/i>Financiamento dos partidos pol\u00edticos<\/li>\n<\/ul>\n<\/div><\/div><\/div><\/div><\/div><\/div><\/div><\/div><\/div><\/div><\/div><\/div><\/div><\/div><script id=\"script-row-unique-2\" data-row=\"script-row-unique-2\" type=\"text\/javascript\" class=\"vc_controls\">UNCODE.initRow(document.getElementById(\"row-unique-2\"));<\/script><\/div><\/div><\/div><div data-parent=\"true\" class=\"vc_row inverted-device-order row-container\" id=\"row-unique-3\"><div class=\"row col-double-gutter quad-top-padding single-bottom-padding single-h-padding limit-width row-parent\" data-height-ratio=\"50\"><div class=\"wpb_row row-inner\"><div class=\"wpb_column pos-middle pos-center align_left column_parent col-lg-6 single-internal-gutter\"><div class=\"uncol style-light\"  ><div class=\"uncoltable\"><div class=\"uncell no-block-padding\" ><div class=\"uncont\" style=\" max-width:900px;\" ><div class=\"vc_custom_heading_wrap\"><div class=\"heading-text el-text\" ><h3 class=\"h4\" ><span>Expert for the GRECO (Group of States against corruption)<\/span><\/h3><div><p>Appointed by the COUNCIL OF EUROPE: responsible person for two missions and two reports on corruption regarding Bulgaria and Belgium. Both reports were approved by the plenary of GRECO assembly (from 2009 to 2010)<\/p>\n<\/div><\/div><div class=\"clear\"><\/div><\/div><\/div><\/div><\/div><\/div><\/div><div class=\"wpb_column pos-top pos-center align_left column_parent col-lg-6 single-internal-gutter\"><div class=\"uncol style-light\"  ><div class=\"uncoltable\"><div class=\"uncell no-block-padding\" ><div class=\"uncont\" ><div class=\"uncode-single-media  text-left\"><div class=\"single-wrapper\" style=\"max-width: 100%;\"><div class=\"tmb tmb-light  tmb-img-ratio tmb-media-first tmb-media-last tmb-content-overlay tmb-no-bg\"><div class=\"t-inside\"><div class=\"t-entry-visual\"><div class=\"t-entry-visual-tc\"><div class=\"uncode-single-media-wrapper\"><div class=\"dummy\" style=\"padding-top: 75%;\"><\/div><img decoding=\"async\" class=\"wp-image-166721\" src=\"https:\/\/pintoalbuquerque.com\/wp-content\/uploads\/2026\/01\/councileurope-uai-1440x1080.jpg\" width=\"1440\" height=\"1080\" alt=\"\" srcset=\"https:\/\/pintoalbuquerque.com\/wp-content\/uploads\/2026\/01\/councileurope-uai-1440x1080.jpg 1440w, https:\/\/pintoalbuquerque.com\/wp-content\/uploads\/2026\/01\/councileurope-uai-720x540.jpg 720w\" sizes=\"(max-width: 1440px) 100vw, 1440px\" \/><\/div>\n\t\t\t\t\t<\/div>\n\t\t\t\t<\/div><\/div><\/div><\/div><\/div><\/div><\/div><\/div><\/div><\/div><script id=\"script-row-unique-3\" data-row=\"script-row-unique-3\" type=\"text\/javascript\" class=\"vc_controls\">UNCODE.initRow(document.getElementById(\"row-unique-3\"));<\/script><\/div><\/div><\/div><div data-parent=\"true\" class=\"vc_row row-container\" id=\"row-unique-4\"><div class=\"row col-double-gutter single-top-padding quad-bottom-padding single-h-padding limit-width row-parent\" data-height-ratio=\"50\"><div class=\"wpb_row row-inner\"><div class=\"wpb_column pos-top pos-center align_left column_parent col-lg-6 single-internal-gutter\"><div class=\"uncol style-light\"  ><div class=\"uncoltable\"><div class=\"uncell no-block-padding\" ><div class=\"uncont\" ><div class=\"uncode-single-media  text-left\"><div class=\"single-wrapper\" style=\"max-width: 100%;\"><div class=\"tmb tmb-light  tmb-img-ratio tmb-media-first tmb-media-last tmb-content-overlay tmb-no-bg\"><div class=\"t-inside\"><div class=\"t-entry-visual\"><div class=\"t-entry-visual-tc\"><div class=\"uncode-single-media-wrapper\"><div class=\"dummy\" style=\"padding-top: 75%;\"><\/div><img decoding=\"async\" class=\"wp-image-166720\" src=\"https:\/\/pintoalbuquerque.com\/wp-content\/uploads\/2026\/01\/comissao-uai-1440x1080.jpg\" width=\"1440\" height=\"1080\" alt=\"\" srcset=\"https:\/\/pintoalbuquerque.com\/wp-content\/uploads\/2026\/01\/comissao-uai-1440x1080.jpg 1440w, https:\/\/pintoalbuquerque.com\/wp-content\/uploads\/2026\/01\/comissao-uai-720x540.jpg 720w\" sizes=\"(max-width: 1440px) 100vw, 1440px\" \/><\/div>\n\t\t\t\t\t<\/div>\n\t\t\t\t<\/div><\/div><\/div><\/div><\/div><\/div><\/div><\/div><\/div><\/div><div class=\"wpb_column pos-middle pos-center align_left column_parent col-lg-6 single-internal-gutter\"><div class=\"uncol style-light\"  ><div class=\"uncoltable\"><div class=\"uncell no-block-padding\" ><div class=\"uncont\" style=\" max-width:900px;\" ><div class=\"vc_custom_heading_wrap\"><div class=\"heading-text el-text\" ><h3 class=\"h4\" ><span>Expert for the EUROPEAN COMMISSION<\/span><\/h3><div><p>In the European Union projects \u201cVictims of Crimes and Mediation\u201d (from 2006 to 2008) organised by the Portuguese, the Scottish and the Dutch Victim Support Agencies, and \u201cCrime Repression Costs in Context\u201d (from 2007 to 2009), organised by the University of Florence, the Foundation Michelucci (Italy), the University of Bremen (Germany), the University of Barcelona (Spain), the University of Ankara (Turkey), the University of Miskolc (Hungary), the Legal Institute of Lithuania, the Center for the Study of Democracy (Bulgaria), the Intercollege (Cyprus) and the Institute for Labour and Corporate Sciences of Lisbon (Portugal). Both reports were approved by the EU Commission<\/p>\n<\/div><\/div><div class=\"clear\"><\/div><\/div><\/div><\/div><\/div><\/div><\/div><script id=\"script-row-unique-4\" data-row=\"script-row-unique-4\" type=\"text\/javascript\" class=\"vc_controls\">UNCODE.initRow(document.getElementById(\"row-unique-4\"));<\/script><\/div><\/div><\/div><div data-parent=\"true\" class=\"vc_row inverted-device-order row-container\" id=\"row-unique-5\"><div class=\"row col-double-gutter single-top-padding single-bottom-padding single-h-padding limit-width row-parent\" data-height-ratio=\"50\"><div class=\"wpb_row row-inner\"><div class=\"wpb_column pos-middle pos-center align_left column_parent col-lg-6 single-internal-gutter\"><div class=\"uncol style-light\"  ><div class=\"uncoltable\"><div class=\"uncell no-block-padding\" ><div class=\"uncont\" style=\" max-width:900px;\" ><div class=\"vc_custom_heading_wrap\"><div class=\"heading-text el-text\" ><h3 class=\"h4\" ><span>Expert for the PORTUGUESE PARLIAMENT<\/span><\/h3><div><p>On the draft law on the fight against<br \/>\ncorruption (in 2010) and the draft law on domestic violence (in 2009)<\/p>\n<\/div><\/div><div class=\"clear\"><\/div><\/div><\/div><\/div><\/div><\/div><\/div><div class=\"wpb_column pos-top pos-center align_left column_parent col-lg-6 single-internal-gutter\"><div class=\"uncol style-light\"  ><div class=\"uncoltable\"><div class=\"uncell no-block-padding\" ><div class=\"uncont\" ><div class=\"uncode-single-media  text-left\"><div class=\"single-wrapper\" style=\"max-width: 100%;\"><div class=\"tmb tmb-light  tmb-img-ratio tmb-media-first tmb-media-last tmb-content-overlay tmb-no-bg\"><div class=\"t-inside\"><div class=\"t-entry-visual\"><div class=\"t-entry-visual-tc\"><div class=\"uncode-single-media-wrapper\"><div class=\"dummy\" style=\"padding-top: 75%;\"><\/div><img decoding=\"async\" class=\"wp-image-166719\" src=\"https:\/\/pintoalbuquerque.com\/wp-content\/uploads\/2026\/01\/assembleia-uai-1440x1080.jpg\" width=\"1440\" height=\"1080\" alt=\"\" srcset=\"https:\/\/pintoalbuquerque.com\/wp-content\/uploads\/2026\/01\/assembleia-uai-1440x1080.jpg 1440w, https:\/\/pintoalbuquerque.com\/wp-content\/uploads\/2026\/01\/assembleia-uai-720x540.jpg 720w\" sizes=\"(max-width: 1440px) 100vw, 1440px\" \/><\/div>\n\t\t\t\t\t<\/div>\n\t\t\t\t<\/div><\/div><\/div><\/div><\/div><\/div><\/div><\/div><\/div><\/div><script id=\"script-row-unique-5\" data-row=\"script-row-unique-5\" type=\"text\/javascript\" class=\"vc_controls\">UNCODE.initRow(document.getElementById(\"row-unique-5\"));<\/script><\/div><\/div><\/div><div data-parent=\"true\" class=\"vc_row row-container\" id=\"row-unique-6\"><div class=\"row col-double-gutter single-top-padding single-bottom-padding single-h-padding limit-width row-parent\" data-height-ratio=\"50\"><div class=\"wpb_row row-inner\"><div class=\"wpb_column pos-top pos-center align_left column_parent col-lg-6 single-internal-gutter\"><div class=\"uncol style-light\"  ><div class=\"uncoltable\"><div class=\"uncell no-block-padding\" ><div class=\"uncont\" ><div class=\"uncode-single-media  text-left\"><div class=\"single-wrapper\" style=\"max-width: 100%;\"><div class=\"tmb tmb-light  tmb-img-ratio tmb-media-first tmb-media-last tmb-content-overlay tmb-no-bg\"><div class=\"t-inside\"><div class=\"t-entry-visual\"><div class=\"t-entry-visual-tc\"><div class=\"uncode-single-media-wrapper\"><div class=\"dummy\" style=\"padding-top: 75%;\"><\/div><img decoding=\"async\" class=\"wp-image-166723\" src=\"https:\/\/pintoalbuquerque.com\/wp-content\/uploads\/2026\/01\/ministeriojustica-uai-1440x1080.jpg\" width=\"1440\" height=\"1080\" alt=\"\" srcset=\"https:\/\/pintoalbuquerque.com\/wp-content\/uploads\/2026\/01\/ministeriojustica-uai-1440x1080.jpg 1440w, https:\/\/pintoalbuquerque.com\/wp-content\/uploads\/2026\/01\/ministeriojustica-uai-720x540.jpg 720w\" sizes=\"(max-width: 1440px) 100vw, 1440px\" \/><\/div>\n\t\t\t\t\t<\/div>\n\t\t\t\t<\/div><\/div><\/div><\/div><\/div><\/div><\/div><\/div><\/div><\/div><div class=\"wpb_column pos-middle pos-center align_left column_parent col-lg-6 single-internal-gutter\"><div class=\"uncol style-light\"  ><div class=\"uncoltable\"><div class=\"uncell no-block-padding\" ><div class=\"uncont\" style=\" max-width:900px;\" ><div class=\"vc_custom_heading_wrap\"><div class=\"heading-text el-text\" ><h3 class=\"h4\" ><span>Expert for the PORTUGUESE MINISTRY OF JUSTICE<\/span><\/h3><div><p>Member of the Ministry of Justice Taskforce for Penal Reform (from 2005 to 2007); member of the Jury for the selection of candidates to become Judges and Prosecutors in Portugal (from 2005 to 2007 and in 2010)<\/p>\n<\/div><\/div><div class=\"clear\"><\/div><\/div><\/div><\/div><\/div><\/div><\/div><script id=\"script-row-unique-6\" data-row=\"script-row-unique-6\" type=\"text\/javascript\" class=\"vc_controls\">UNCODE.initRow(document.getElementById(\"row-unique-6\"));<\/script><\/div><\/div><\/div><div data-parent=\"true\" class=\"vc_row inverted-device-order row-container\" id=\"row-unique-7\"><div class=\"row col-double-gutter single-top-padding single-bottom-padding single-h-padding limit-width row-parent\" data-height-ratio=\"50\"><div class=\"wpb_row row-inner\"><div class=\"wpb_column pos-middle pos-center align_left column_parent col-lg-6 single-internal-gutter\"><div class=\"uncol style-light\"  ><div class=\"uncoltable\"><div class=\"uncell no-block-padding\" ><div class=\"uncont\" style=\" max-width:900px;\" ><div class=\"vc_custom_heading_wrap\"><div class=\"heading-text el-text\" ><h3 class=\"h4\" ><span>Expert for the GERMAN MINISTRY OF JUSTICE and the MAX PLANCK INSTITUT F\u00dcR AUSL\u00c4NDISCHES UND INTERNATIONALES STRAFRECHT, FREIBURG<\/span><\/h3><div><p>Germany (in 1999 and 2000). Professor Albuquerque\u2019s report in the Project Rechtsmittel im Strafrecht was published by Monika Becker and J\u00f6rg Kinzig (Hrsg.), Rechtsmittel im Strafrecht, Eine internationalvergleichende Untersuchung zur Rechtsvirwiklicheit und Effizienz von Rechtsmittel, cited below<\/p>\n<\/div><\/div><div class=\"clear\"><\/div><\/div><\/div><\/div><\/div><\/div><\/div><div class=\"wpb_column pos-top pos-center align_left column_parent col-lg-6 single-internal-gutter\"><div class=\"uncol style-light\"  ><div class=\"uncoltable\"><div class=\"uncell no-block-padding\" ><div class=\"uncont\" ><div class=\"uncode-single-media  text-left\"><div class=\"single-wrapper\" style=\"max-width: 100%;\"><div class=\"tmb tmb-light  tmb-img-ratio tmb-media-first tmb-media-last tmb-content-overlay tmb-no-bg\"><div class=\"t-inside\"><div class=\"t-entry-visual\"><div class=\"t-entry-visual-tc\"><div class=\"uncode-single-media-wrapper\"><div class=\"dummy\" style=\"padding-top: 75%;\"><\/div><img decoding=\"async\" class=\"wp-image-166724\" src=\"https:\/\/pintoalbuquerque.com\/wp-content\/uploads\/2026\/01\/Max-Planck-Institut-uai-1093x820.jpg\" width=\"1093\" height=\"820\" alt=\"\" srcset=\"https:\/\/pintoalbuquerque.com\/wp-content\/uploads\/2026\/01\/Max-Planck-Institut-uai-1093x820.jpg 1093w, https:\/\/pintoalbuquerque.com\/wp-content\/uploads\/2026\/01\/Max-Planck-Institut-uai-720x540.jpg 720w\" sizes=\"(max-width: 1093px) 100vw, 1093px\" \/><\/div>\n\t\t\t\t\t<\/div>\n\t\t\t\t<\/div><\/div><\/div><\/div><\/div><\/div><\/div><\/div><\/div><\/div><script id=\"script-row-unique-7\" data-row=\"script-row-unique-7\" type=\"text\/javascript\" class=\"vc_controls\">UNCODE.initRow(document.getElementById(\"row-unique-7\"));<\/script><\/div><\/div><\/div><div data-parent=\"true\" class=\"vc_row row-container\" id=\"row-unique-8\"><div class=\"row col-double-gutter single-top-padding single-bottom-padding single-h-padding limit-width row-parent\" data-height-ratio=\"50\"><div class=\"wpb_row row-inner\"><div class=\"wpb_column pos-top pos-center align_left column_parent col-lg-6 single-internal-gutter\"><div class=\"uncol style-light\"  ><div class=\"uncoltable\"><div class=\"uncell no-block-padding\" ><div class=\"uncont\" ><div class=\"uncode-single-media  text-left\"><div class=\"single-wrapper\" style=\"max-width: 100%;\"><div class=\"tmb tmb-light  tmb-img-ratio tmb-media-first tmb-media-last tmb-content-overlay tmb-no-bg\"><div class=\"t-inside\"><div class=\"t-entry-visual\"><div class=\"t-entry-visual-tc\"><div class=\"uncode-single-media-wrapper\"><div class=\"dummy\" style=\"padding-top: 75%;\"><\/div><img decoding=\"async\" class=\"wp-image-166722\" src=\"https:\/\/pintoalbuquerque.com\/wp-content\/uploads\/2026\/01\/ministerioassuntosinternos-uai-1440x1080.jpg\" width=\"1440\" height=\"1080\" alt=\"\" srcset=\"https:\/\/pintoalbuquerque.com\/wp-content\/uploads\/2026\/01\/ministerioassuntosinternos-uai-1440x1080.jpg 1440w, https:\/\/pintoalbuquerque.com\/wp-content\/uploads\/2026\/01\/ministerioassuntosinternos-uai-720x540.jpg 720w\" sizes=\"(max-width: 1440px) 100vw, 1440px\" \/><\/div>\n\t\t\t\t\t<\/div>\n\t\t\t\t<\/div><\/div><\/div><\/div><\/div><\/div><\/div><\/div><\/div><\/div><div class=\"wpb_column pos-middle pos-center align_left column_parent col-lg-6 single-internal-gutter\"><div class=\"uncol style-light\"  ><div class=\"uncoltable\"><div class=\"uncell no-block-padding\" ><div class=\"uncont\" style=\" max-width:900px;\" ><div class=\"vc_custom_heading_wrap\"><div class=\"heading-text el-text\" ><h3 class=\"h4\" ><span>Expert for the PORTUGUESE MINISTRY OF INTERNAL AFFAIRS<\/span><\/h3><div><p>Member of the cabinet of the Secretary of State for internal affairs (in 1989 and 1990)<\/p>\n<\/div><\/div><div class=\"clear\"><\/div><\/div><\/div><\/div><\/div><\/div><\/div><script id=\"script-row-unique-8\" data-row=\"script-row-unique-8\" type=\"text\/javascript\" class=\"vc_controls\">UNCODE.initRow(document.getElementById(\"row-unique-8\"));<\/script><\/div><\/div><\/div><div data-parent=\"true\" class=\"vc_row row-container\" id=\"row-unique-9\"><div class=\"row limit-width row-parent\"><div class=\"wpb_row row-inner\"><div class=\"wpb_column pos-top pos-center align_left column_parent col-lg-12 single-internal-gutter\"><div class=\"uncol style-light\"  ><div class=\"uncoltable\"><div class=\"uncell no-block-padding\" ><div class=\"uncont\" ><div class=\"empty-space empty-single\" ><span class=\"empty-space-inner\"><\/span><\/div>\n<\/div><\/div><\/div><\/div><\/div><script id=\"script-row-unique-9\" data-row=\"script-row-unique-9\" type=\"text\/javascript\" class=\"vc_controls\">UNCODE.initRow(document.getElementById(\"row-unique-9\"));<\/script><\/div><\/div><\/div>\n<\/div>","protected":false},"excerpt":{"rendered":"Consultation Jurisconsult advising in cases in the following jurisdictions: ESTONIA, ITALY, NORWAY, PORTUGAL, SPAIN and UKRAINProfessor Albuquerque provides independent expert [...]","protected":false},"author":1,"featured_media":0,"parent":0,"menu_order":0,"comment_status":"closed","ping_status":"closed","template":"","meta":{"footnotes":""},"class_list":["post-166714","page","type-page","status-publish","hentry"],"_links":{"self":[{"href":"https:\/\/pintoalbuquerque.com\/pt\/wp-json\/wp\/v2\/pages\/166714","targetHints":{"allow":["GET"]}}],"collection":[{"href":"https:\/\/pintoalbuquerque.com\/pt\/wp-json\/wp\/v2\/pages"}],"about":[{"href":"https:\/\/pintoalbuquerque.com\/pt\/wp-json\/wp\/v2\/types\/page"}],"author":[{"embeddable":true,"href":"https:\/\/pintoalbuquerque.com\/pt\/wp-json\/wp\/v2\/users\/1"}],"replies":[{"embeddable":true,"href":"https:\/\/pintoalbuquerque.com\/pt\/wp-json\/wp\/v2\/comments?post=166714"}],"version-history":[{"count":5,"href":"https:\/\/pintoalbuquerque.com\/pt\/wp-json\/wp\/v2\/pages\/166714\/revisions"}],"predecessor-version":[{"id":167255,"href":"https:\/\/pintoalbuquerque.com\/pt\/wp-json\/wp\/v2\/pages\/166714\/revisions\/167255"}],"wp:attachment":[{"href":"https:\/\/pintoalbuquerque.com\/pt\/wp-json\/wp\/v2\/media?parent=166714"}],"curies":[{"name":"wp","href":"https:\/\/api.w.org\/{rel}","templated":true}]}}